{"id":264,"date":"2021-02-16T18:02:07","date_gmt":"2021-02-17T01:02:07","guid":{"rendered":"https:\/\/diazodental.com\/sout\/?page_id=264"},"modified":"2024-03-20T01:20:23","modified_gmt":"2024-03-20T08:20:23","slug":"politicas-de-privacidad","status":"publish","type":"page","link":"https:\/\/diazodental.com\/south\/politicas-de-privacidad\/","title":{"rendered":"Pol\u00edticas de Privacidad"},"content":{"rendered":"\t\t<div data-elementor-type=\"wp-page\" data-elementor-id=\"264\" class=\"elementor elementor-264\" data-elementor-post-type=\"page\">\n\t\t\t\t\t\t<section class=\"elementor-section elementor-top-section elementor-element elementor-element-43be732 elementor-section-height-min-height elementor-section-boxed elementor-section-height-default elementor-section-items-middle\" data-id=\"43be732\" data-element_type=\"section\" data-e-type=\"section\" data-settings=\"{&quot;background_background&quot;:&quot;classic&quot;}\">\n\t\t\t\t\t\t<div class=\"elementor-container elementor-column-gap-default\">\n\t\t\t\t\t<div class=\"elementor-column elementor-col-100 elementor-top-column elementor-element elementor-element-da2331e\" data-id=\"da2331e\" data-element_type=\"column\" data-e-type=\"column\">\n\t\t\t<div class=\"elementor-widget-wrap elementor-element-populated\">\n\t\t\t\t\t\t<div class=\"elementor-element elementor-element-3b8ee93 elementor-widget elementor-widget-heading\" data-id=\"3b8ee93\" data-element_type=\"widget\" data-e-type=\"widget\" data-widget_type=\"heading.default\">\n\t\t\t\t<div class=\"elementor-widget-container\">\n\t\t\t\t\t<h2 class=\"elementor-heading-title elementor-size-default\">Pol\u00edticas De Privacidad<\/h2>\t\t\t\t<\/div>\n\t\t\t\t<\/div>\n\t\t\t\t\t<\/div>\n\t\t<\/div>\n\t\t\t\t\t<\/div>\n\t\t<\/section>\n\t\t\t\t<section class=\"elementor-section elementor-top-section elementor-element elementor-element-0154f0b elementor-section-boxed elementor-section-height-default elementor-section-height-default\" data-id=\"0154f0b\" data-element_type=\"section\" data-e-type=\"section\">\n\t\t\t\t\t\t<div class=\"elementor-container elementor-column-gap-default\">\n\t\t\t\t\t<div class=\"elementor-column elementor-col-100 elementor-top-column elementor-element elementor-element-275cea3\" data-id=\"275cea3\" data-element_type=\"column\" data-e-type=\"column\">\n\t\t\t<div class=\"elementor-widget-wrap elementor-element-populated\">\n\t\t\t\t\t\t<div class=\"elementor-element elementor-element-e76f114 elementor-widget elementor-widget-text-editor\" data-id=\"e76f114\" data-element_type=\"widget\" data-e-type=\"widget\" data-widget_type=\"text-editor.default\">\n\t\t\t\t<div class=\"elementor-widget-container\">\n\t\t\t\t\t\t\t\t\t<p>Su privacidad es importante para nosotros. Es pol\u00edtica de Diazo Family Dental &amp; Braces respetar su privacidad y cumplir con cualquier ley y regulaci\u00f3n aplicable con respecto a cualquier informaci\u00f3n personal que podamos recopilar sobre usted, incluso en nuestro sitio web, <a href=\"https:\/\/diazodental.com\/sout\/\">https:\/\/diazodental.com\/sout\/<\/a>, y otros sitios de los que somos propietarios. y operar.<\/p><p>Esta pol\u00edtica es efectiva a partir del 8 de marzo de 2021 y se actualiz\u00f3 por \u00faltima vez el 8 de marzo de 2021.<\/p><p><strong>INFORMACI\u00d3N QUE RECOPILAMOS<\/strong><br \/>La informaci\u00f3n que recopilamos incluye tanto la informaci\u00f3n que nos proporciona consciente y activamente cuando utiliza o participa en cualquiera de nuestros servicios y promociones, y cualquier informaci\u00f3n enviada autom\u00e1ticamente por sus dispositivos en el curso del acceso a nuestros productos y servicios.<\/p><p><strong>Datos de registro<\/strong><br \/>Cuando visita nuestro sitio web, nuestros servidores pueden registrar autom\u00e1ticamente los datos est\u00e1ndar proporcionados por su navegador web. Puede incluir la direcci\u00f3n de Protocolo de Internet (IP) de su dispositivo, el tipo y la versi\u00f3n de su navegador, las p\u00e1ginas que visita, la hora y la fecha de su visita, el tiempo que pasa en cada p\u00e1gina, otros detalles sobre su visita y los detalles t\u00e9cnicos que ocurren en junto con cualquier error que pueda encontrar.<\/p><p>Tenga en cuenta que, si bien es posible que esta informaci\u00f3n no sea de identificaci\u00f3n personal por s\u00ed misma, es posible combinarla con otros datos para identificar personalmente a personas individuales.<\/p><p><strong>Informacion personal<\/strong><br \/>Podemos solicitar informaci\u00f3n personal que puede incluir uno o m\u00e1s de los siguientes:<\/p><p>Nombre<br \/>Correo electr\u00f3nico<br \/>N\u00famero de tel\u00e9fono \/ m\u00f3vil<br \/>Razones leg\u00edtimas para procesar su informaci\u00f3n personal<br \/>Solo recopilamos y usamos su informaci\u00f3n personal cuando tenemos una raz\u00f3n leg\u00edtima para hacerlo. En cuyo caso, solo recopilamos informaci\u00f3n personal que sea razonablemente necesaria para brindarle nuestros servicios.<\/p><p><strong>Recopilaci\u00f3n y uso de informaci\u00f3n<\/strong><br \/>Podemos recopilar informaci\u00f3n personal de usted cuando realiza cualquiera de las siguientes acciones en nuestro sitio web:<\/p><p>Utilice un dispositivo m\u00f3vil o navegador web para acceder a nuestro contenido.<br \/>Cont\u00e1ctenos por correo electr\u00f3nico, redes sociales o cualquier tecnolog\u00eda similar.<br \/>Cuando nos mencionas en las redes sociales<br \/>Podemos recopilar, retener, usar y divulgar informaci\u00f3n para los siguientes fines, y la informaci\u00f3n personal no se procesar\u00e1 m\u00e1s de una manera que sea incompatible con estos fines:<\/p><p>Tenga en cuenta que podemos combinar la informaci\u00f3n que recopilamos sobre usted con informaci\u00f3n general o datos de investigaci\u00f3n que recibimos de otras fuentes confiables.<\/p><p><strong>Seguridad de su informaci\u00f3n personal<\/strong><br \/>Cuando recopilamos y procesamos informaci\u00f3n personal, y mientras conservamos esta informaci\u00f3n, la protegeremos dentro de medios comercialmente aceptables para evitar p\u00e9rdidas y robos, as\u00ed como acceso, divulgaci\u00f3n, copia, uso o modificaci\u00f3n no autorizados.<\/p><p>Aunque haremos todo lo posible para proteger la informaci\u00f3n personal que nos proporcione, le aconsejamos que ning\u00fan m\u00e9todo de transmisi\u00f3n o almacenamiento electr\u00f3nico es 100% seguro y nadie puede garantizar la seguridad absoluta de los datos. Cumpliremos con las leyes que nos sean aplicables con respecto a cualquier violaci\u00f3n de datos.<\/p><p>Usted es responsable de seleccionar cualquier contrase\u00f1a y su nivel de seguridad general, garantizando la seguridad de su propia informaci\u00f3n dentro de los l\u00edmites de nuestros servicios.<\/p><p><strong>Cu\u00e1nto tiempo conservamos su informaci\u00f3n personal<\/strong><br \/>Conservamos su informaci\u00f3n personal solo durante el tiempo que sea necesario. Este per\u00edodo de tiempo puede depender de para qu\u00e9 estamos usando su informaci\u00f3n, de acuerdo con esta pol\u00edtica de privacidad. Si su informaci\u00f3n personal ya no es necesaria, la eliminaremos o la haremos an\u00f3nima eliminando todos los detalles que lo identifiquen.<\/p><p>Sin embargo, si es necesario, podemos retener su informaci\u00f3n personal para nuestro cumplimiento de una obligaci\u00f3n legal, contable o de informes o para fines de archivo en el inter\u00e9s p\u00fablico, fines de investigaci\u00f3n cient\u00edfica o hist\u00f3rica o fines estad\u00edsticos.<\/p><p><strong>PRIVACIDAD DE LOS NI\u00d1OS<\/strong><br \/>No apuntamos ninguno de nuestros productos o servicios directamente a ni\u00f1os menores de 13 a\u00f1os, y no recopilamos a sabiendas informaci\u00f3n personal sobre ni\u00f1os menores de 13 a\u00f1os.<\/p><p><strong>TRANSFERENCIAS INTERNACIONALES DE INFORMACI\u00d3N PERSONAL<\/strong><br \/>La informaci\u00f3n personal que recopilamos se almacena y \/ o procesa donde nosotros o nuestros socios, afiliados y proveedores externos tenemos instalaciones. Tenga en cuenta que las ubicaciones a las que almacenamos, procesamos o transferimos su informaci\u00f3n personal pueden no tener las mismas leyes de protecci\u00f3n de datos que el pa\u00eds en el que inicialmente proporcion\u00f3 la informaci\u00f3n. Si transferimos su informaci\u00f3n personal a terceros en otros pa\u00edses: (i) realizaremos esas transferencias de acuerdo con los requisitos de la ley aplicable; y (ii) protegeremos la informaci\u00f3n personal transferida de acuerdo con esta pol\u00edtica de privacidad.<\/p><p><strong>SUS DERECHOS Y CONTROLAR SU INFORMACI\u00d3N PERSONAL<\/strong><br \/>Siempre se reserva el derecho a retenernos informaci\u00f3n personal, en el entendido de que su experiencia en nuestro sitio web puede verse afectada. No lo discriminaremos por ejercer cualquiera de sus derechos sobre su informaci\u00f3n personal. Si nos proporciona informaci\u00f3n personal, comprende que la recopilaremos, la conservaremos, la usaremos y la divulgaremos de acuerdo con esta pol\u00edtica de privacidad. Conserva el derecho a solicitar detalles de cualquier informaci\u00f3n personal que tengamos sobre usted.<\/p><p>Si recibimos informaci\u00f3n personal sobre usted de un tercero, la protegeremos como se establece en esta pol\u00edtica de privacidad. Si usted es un tercero que proporciona informaci\u00f3n personal sobre otra persona, declara y garantiza que tiene el consentimiento de dicha persona para proporcionarnos la informaci\u00f3n personal.<\/p><p>Si previamente ha aceptado que usemos su informaci\u00f3n personal con fines de marketing directo, puede cambiar de opini\u00f3n en cualquier momento. Le proporcionaremos la posibilidad de darse de baja de nuestra base de datos de correo electr\u00f3nico u optar por no recibir comunicaciones. Tenga en cuenta que es posible que necesitemos solicitarle informaci\u00f3n espec\u00edfica para ayudarnos a confirmar su identidad.<\/p><p>Si cree que la informaci\u00f3n que tenemos sobre usted es inexacta, desactualizada, incompleta, irrelevante o enga\u00f1osa, comun\u00edquese con nosotros utilizando los detalles proporcionados en esta pol\u00edtica de privacidad. Tomaremos las medidas razonables para corregir cualquier informaci\u00f3n que se considere inexacta, incompleta, enga\u00f1osa o desactualizada.<\/p><p>Si cree que hemos violado una ley de protecci\u00f3n de datos relevante y desea presentar una queja, comun\u00edquese con nosotros utilizando los detalles a continuaci\u00f3n y proporci\u00f3nenos todos los detalles de la supuesta violaci\u00f3n. Investigaremos su queja de inmediato y le responderemos, por escrito, exponiendo el resultado de nuestra investigaci\u00f3n y los pasos que tomaremos para tratar su queja. Tambi\u00e9n tiene derecho a ponerse en contacto con un organismo regulador o una autoridad de protecci\u00f3n de datos en relaci\u00f3n con su queja.<\/p><p><strong>USO DE COOKIES<\/strong><br \/>Usamos &#8220;cookies&#8221; para recopilar informaci\u00f3n sobre usted y su actividad en nuestro sitio. Una cookie es un peque\u00f1o fragmento de datos que nuestro sitio web almacena en su computadora y al que accede cada vez que lo visita, para que podamos comprender c\u00f3mo utiliza nuestro sitio. Esto nos ayuda a ofrecerle contenido seg\u00fan las preferencias que haya especificado.<\/p><p><strong>L\u00cdMITES DE NUESTRA POL\u00cdTICA<\/strong><br \/>Nuestro sitio web puede tener enlaces a sitios externos que no son operados por nosotros. Tenga en cuenta que no tenemos control sobre el contenido y las pol\u00edticas de esos sitios, y no podemos aceptar responsabilidad u obligaci\u00f3n por sus respectivas pr\u00e1cticas de privacidad.<\/p><p><strong>CAMBIOS A ESTA POL\u00cdTICA<\/strong><br \/>A nuestra discreci\u00f3n, podemos cambiar nuestra pol\u00edtica de privacidad para reflejar actualizaciones de nuestros procesos comerciales, pr\u00e1cticas aceptables actuales o cambios legislativos o regulatorios. Si decidimos cambiar esta pol\u00edtica de privacidad, publicaremos los cambios aqu\u00ed en el mismo enlace mediante el cual accede a esta pol\u00edtica de privacidad.<\/p><p>Si as\u00ed lo requiere la ley, obtendremos su permiso o le daremos la oportunidad de optar por participar u optar por no participar, seg\u00fan corresponda, de cualquier nuevo uso de su informaci\u00f3n personal.<\/p><p><strong>CONT\u00c1CTENOS<\/strong><br \/>Para cualquier pregunta o inquietud con respecto a su privacidad, puede comunicarse con nosotros utilizando los siguientes detalles:<\/p><p>Diazo Family Dental &amp; Braces<br \/>623-845-7400<\/p>\t\t\t\t\t\t\t\t<\/div>\n\t\t\t\t<\/div>\n\t\t\t\t\t<\/div>\n\t\t<\/div>\n\t\t\t\t\t<\/div>\n\t\t<\/section>\n\t\t\t\t<\/div>\n\t\t","protected":false},"excerpt":{"rendered":"<p>Pol\u00edticas De Privacidad Su privacidad es importante para nosotros. Es pol\u00edtica de Diazo Family Dental &amp; Braces respetar su privacidad y cumplir con cualquier ley y regulaci\u00f3n aplicable con respecto a cualquier informaci\u00f3n personal que podamos recopilar sobre usted, incluso en nuestro sitio web, https:\/\/diazodental.com\/sout\/, y otros sitios de los que somos propietarios. y operar. [&hellip;]<\/p>\n","protected":false},"author":4,"featured_media":0,"parent":0,"menu_order":0,"comment_status":"closed","ping_status":"closed","template":"","meta":{"inline_featured_image":false,"site-sidebar-layout":"no-sidebar","site-content-layout":"page-builder","ast-site-content-layout":"full-width-container","site-content-style":"unboxed","site-sidebar-style":"unboxed","ast-global-header-display":"","ast-banner-title-visibility":"","ast-main-header-display":"","ast-hfb-above-header-display":"","ast-hfb-below-header-display":"","ast-hfb-mobile-header-display":"","site-post-title":"disabled","ast-breadcrumbs-content":"","ast-featured-img":"disabled","footer-sml-layout":"","ast-disable-related-posts":"","theme-transparent-header-meta":"default","adv-header-id-meta":"","stick-header-meta":"","header-above-stick-meta":"","header-main-stick-meta":"","header-below-stick-meta":"","astra-migrate-meta-layouts":"set","ast-page-background-enabled":"default","ast-page-background-meta":{"desktop":{"background-color":"","background-image":"","background-repeat":"repeat","background-position":"center center","background-size":"auto","background-attachment":"scroll","background-type":"","background-media":"","overlay-type":"","overlay-color":"","overlay-opacity":"","overlay-gradient":""},"tablet":{"background-color":"","background-image":"","background-repeat":"repeat","background-position":"center center","background-size":"auto","background-attachment":"scroll","background-type":"","background-media":"","overlay-type":"","overlay-color":"","overlay-opacity":"","overlay-gradient":""},"mobile":{"background-color":"","background-image":"","background-repeat":"repeat","background-position":"center center","background-size":"auto","background-attachment":"scroll","background-type":"","background-media":"","overlay-type":"","overlay-color":"","overlay-opacity":"","overlay-gradient":""}},"ast-content-background-meta":{"desktop":{"background-color":"var(--ast-global-color-5)","background-image":"","background-repeat":"repeat","background-position":"center center","background-size":"auto","background-attachment":"scroll","background-type":"","background-media":"","overlay-type":"","overlay-color":"","overlay-opacity":"","overlay-gradient":""},"tablet":{"background-color":"var(--ast-global-color-5)","background-image":"","background-repeat":"repeat","background-position":"center center","background-size":"auto","background-attachment":"scroll","background-type":"","background-media":"","overlay-type":"","overlay-color":"","overlay-opacity":"","overlay-gradient":""},"mobile":{"background-color":"var(--ast-global-color-5)","background-image":"","background-repeat":"repeat","background-position":"center center","background-size":"auto","background-attachment":"scroll","background-type":"","background-media":"","overlay-type":"","overlay-color":"","overlay-opacity":"","overlay-gradient":""}},"footnotes":""},"class_list":["post-264","page","type-page","status-publish","hentry"],"yoast_head":"<!-- This site is optimized with the Yoast SEO plugin v27.4 - https:\/\/yoast.com\/product\/yoast-seo-wordpress\/ -->\n<title>Pol\u00edticas de Privacidad - Diazo Dental South<\/title>\n<meta name=\"robots\" content=\"noindex, follow\" \/>\n<meta property=\"og:locale\" content=\"en_US\" \/>\n<meta property=\"og:type\" content=\"article\" \/>\n<meta property=\"og:title\" content=\"Pol\u00edticas de Privacidad - Diazo Dental South\" \/>\n<meta property=\"og:description\" content=\"Pol\u00edticas De Privacidad Su privacidad es importante para nosotros. Es pol\u00edtica de Diazo Family Dental &amp; Braces respetar su privacidad y cumplir con cualquier ley y regulaci\u00f3n aplicable con respecto a cualquier informaci\u00f3n personal que podamos recopilar sobre usted, incluso en nuestro sitio web, https:\/\/diazodental.com\/sout\/, y otros sitios de los que somos propietarios. y operar. [&hellip;]\" \/>\n<meta property=\"og:url\" content=\"https:\/\/diazodental.com\/south\/politicas-de-privacidad\/\" \/>\n<meta property=\"og:site_name\" content=\"Diazo Dental South\" \/>\n<meta property=\"article:modified_time\" content=\"2024-03-20T08:20:23+00:00\" \/>\n<meta name=\"twitter:card\" content=\"summary_large_image\" \/>\n<meta name=\"twitter:label1\" content=\"Est. reading time\" \/>\n\t<meta name=\"twitter:data1\" content=\"6 minutes\" \/>\n<script type=\"application\/ld+json\" class=\"yoast-schema-graph\">{\"@context\":\"https:\\\/\\\/schema.org\",\"@graph\":[{\"@type\":\"WebPage\",\"@id\":\"https:\\\/\\\/diazodental.com\\\/south\\\/politicas-de-privacidad\\\/\",\"url\":\"https:\\\/\\\/diazodental.com\\\/south\\\/politicas-de-privacidad\\\/\",\"name\":\"Pol\u00edticas de Privacidad - Diazo Dental South\",\"isPartOf\":{\"@id\":\"https:\\\/\\\/diazodental.com\\\/south\\\/#website\"},\"datePublished\":\"2021-02-17T01:02:07+00:00\",\"dateModified\":\"2024-03-20T08:20:23+00:00\",\"breadcrumb\":{\"@id\":\"https:\\\/\\\/diazodental.com\\\/south\\\/politicas-de-privacidad\\\/#breadcrumb\"},\"inLanguage\":\"en-US\",\"potentialAction\":[{\"@type\":\"ReadAction\",\"target\":[\"https:\\\/\\\/diazodental.com\\\/south\\\/politicas-de-privacidad\\\/\"]}]},{\"@type\":\"BreadcrumbList\",\"@id\":\"https:\\\/\\\/diazodental.com\\\/south\\\/politicas-de-privacidad\\\/#breadcrumb\",\"itemListElement\":[{\"@type\":\"ListItem\",\"position\":1,\"name\":\"Home\",\"item\":\"https:\\\/\\\/diazodental.com\\\/south\\\/\"},{\"@type\":\"ListItem\",\"position\":2,\"name\":\"Pol\u00edticas de Privacidad\"}]},{\"@type\":\"WebSite\",\"@id\":\"https:\\\/\\\/diazodental.com\\\/south\\\/#website\",\"url\":\"https:\\\/\\\/diazodental.com\\\/south\\\/\",\"name\":\"Diazo Dental South\",\"description\":\"Tu Dentista Familar en Phoenix\",\"potentialAction\":[{\"@type\":\"SearchAction\",\"target\":{\"@type\":\"EntryPoint\",\"urlTemplate\":\"https:\\\/\\\/diazodental.com\\\/south\\\/?s={search_term_string}\"},\"query-input\":{\"@type\":\"PropertyValueSpecification\",\"valueRequired\":true,\"valueName\":\"search_term_string\"}}],\"inLanguage\":\"en-US\"}]}<\/script>\n<!-- \/ Yoast SEO plugin. -->","yoast_head_json":{"title":"Pol\u00edticas de Privacidad - Diazo Dental South","robots":{"index":"noindex","follow":"follow"},"og_locale":"en_US","og_type":"article","og_title":"Pol\u00edticas de Privacidad - Diazo Dental South","og_description":"Pol\u00edticas De Privacidad Su privacidad es importante para nosotros. Es pol\u00edtica de Diazo Family Dental &amp; Braces respetar su privacidad y cumplir con cualquier ley y regulaci\u00f3n aplicable con respecto a cualquier informaci\u00f3n personal que podamos recopilar sobre usted, incluso en nuestro sitio web, https:\/\/diazodental.com\/sout\/, y otros sitios de los que somos propietarios. y operar. [&hellip;]","og_url":"https:\/\/diazodental.com\/south\/politicas-de-privacidad\/","og_site_name":"Diazo Dental South","article_modified_time":"2024-03-20T08:20:23+00:00","twitter_card":"summary_large_image","twitter_misc":{"Est. reading time":"6 minutes"},"schema":{"@context":"https:\/\/schema.org","@graph":[{"@type":"WebPage","@id":"https:\/\/diazodental.com\/south\/politicas-de-privacidad\/","url":"https:\/\/diazodental.com\/south\/politicas-de-privacidad\/","name":"Pol\u00edticas de Privacidad - Diazo Dental South","isPartOf":{"@id":"https:\/\/diazodental.com\/south\/#website"},"datePublished":"2021-02-17T01:02:07+00:00","dateModified":"2024-03-20T08:20:23+00:00","breadcrumb":{"@id":"https:\/\/diazodental.com\/south\/politicas-de-privacidad\/#breadcrumb"},"inLanguage":"en-US","potentialAction":[{"@type":"ReadAction","target":["https:\/\/diazodental.com\/south\/politicas-de-privacidad\/"]}]},{"@type":"BreadcrumbList","@id":"https:\/\/diazodental.com\/south\/politicas-de-privacidad\/#breadcrumb","itemListElement":[{"@type":"ListItem","position":1,"name":"Home","item":"https:\/\/diazodental.com\/south\/"},{"@type":"ListItem","position":2,"name":"Pol\u00edticas de Privacidad"}]},{"@type":"WebSite","@id":"https:\/\/diazodental.com\/south\/#website","url":"https:\/\/diazodental.com\/south\/","name":"Diazo Dental South","description":"Tu Dentista Familar en Phoenix","potentialAction":[{"@type":"SearchAction","target":{"@type":"EntryPoint","urlTemplate":"https:\/\/diazodental.com\/south\/?s={search_term_string}"},"query-input":{"@type":"PropertyValueSpecification","valueRequired":true,"valueName":"search_term_string"}}],"inLanguage":"en-US"}]}},"_links":{"self":[{"href":"https:\/\/diazodental.com\/south\/wp-json\/wp\/v2\/pages\/264","targetHints":{"allow":["GET"]}}],"collection":[{"href":"https:\/\/diazodental.com\/south\/wp-json\/wp\/v2\/pages"}],"about":[{"href":"https:\/\/diazodental.com\/south\/wp-json\/wp\/v2\/types\/page"}],"author":[{"embeddable":true,"href":"https:\/\/diazodental.com\/south\/wp-json\/wp\/v2\/users\/4"}],"replies":[{"embeddable":true,"href":"https:\/\/diazodental.com\/south\/wp-json\/wp\/v2\/comments?post=264"}],"version-history":[{"count":1,"href":"https:\/\/diazodental.com\/south\/wp-json\/wp\/v2\/pages\/264\/revisions"}],"predecessor-version":[{"id":1857,"href":"https:\/\/diazodental.com\/south\/wp-json\/wp\/v2\/pages\/264\/revisions\/1857"}],"wp:attachment":[{"href":"https:\/\/diazodental.com\/south\/wp-json\/wp\/v2\/media?parent=264"}],"curies":[{"name":"wp","href":"https:\/\/api.w.org\/{rel}","templated":true}]}}